{"id":587,"date":"2023-09-29T08:29:55","date_gmt":"2023-09-29T12:29:55","guid":{"rendered":"https:\/\/www.esmia.ca\/?page_id=587"},"modified":"2023-10-26T08:27:24","modified_gmt":"2023-10-26T12:27:24","slug":"politique-de-confidentialite","status":"publish","type":"page","link":"https:\/\/esmia.ca\/fr\/politique-de-confidentialite","title":{"rendered":"Politique de confidentialit\u00e9"},"content":{"rendered":"\n<p><em>Mise \u00e0 jour le 29 septembre 2023<br>En vigueur le 29 septembre 2023<\/em><\/p>\n\n\n\n<p>Cette Politique de confidentialit\u00e9 \u00e9nonce les politiques de nom de l\u2019entreprise et adresse, courriel&nbsp;: <a href=\"mailto:kathleen@esmia.ca\">kathleen@esmia.ca<\/a>, t\u00e9l\u00e9phone&nbsp;: 514-794-5645 sur la collecte, l\u2019utilisation et la divulgation des donn\u00e9es que nous recueillons sur les visiteurs de notre site web (<a href=\"http:\/\/esmia.ca\"><\/a><a href=\"http:\/\/esmia.ca\">http:\/\/esmia.ca<\/a>) (le \u00ab&nbsp;Service&nbsp;\u00bb). En acc\u00e9dant \u00e0 ce Service ou en l\u2019utilisant, vous consentez \u00e0 la collecte, \u00e0 l\u2019utilisation et \u00e0 la divulgation de vos renseignements personnels conform\u00e9ment \u00e0 cette Politique de confidentialit\u00e9. Si vous ne consentez pas \u00e0 cette derni\u00e8re, veuillez ne pas acc\u00e9der \u00e0 ce Service ou l\u2019utiliser.<\/p>\n\n\n\n<p>Nous pouvons en tout temps et sans pr\u00e9avis apporter des modifications \u00e0 cette Politique de confidentialit\u00e9. La version mise \u00e0 jour de la Politique sera affich\u00e9e sur le Service. Elle sera en vigueur pour une dur\u00e9e de 180&nbsp;jours \u00e0 partir du moment de sa publication sur le Service et en continuant de consulter le Service ou de l\u2019utiliser \u00e0 compter de ce moment, vous serez r\u00e9put\u00e9 avoir accept\u00e9 la Politique de confidentialit\u00e9 r\u00e9vis\u00e9e. Nous vous recommandons donc de relire p\u00e9riodiquement cette page.<\/p>\n\n\n\n<p class=\"bold titre4\">Vos droits<\/p>\n\n\n\n<p>Selon la l\u00e9gislation applicable, vous pourriez avoir le droit d\u2019acc\u00e9der \u00e0 vos renseignements personnels, de les rectifier, de les effacer, d\u2019en recevoir une copie, d\u2019en restreindre l\u2019acc\u00e8s, de vous objecter \u00e0 leur traitement, de nous demander de les communiquer \u00e0 une autre entit\u00e9, de retirer votre consentement \u00e0 ce que nous traitions vos donn\u00e9es, de d\u00e9poser une plainte aupr\u00e8s d\u2019une autorit\u00e9 r\u00e9glementaire, ou tout autre droit pertinent selon les lois applicables. Pour exercer ces droits, vous pouvez nous \u00e9crire \u00e0 <a href=\"mailto:kathleen@esmia.ca\">kathleen@esmia.ca<\/a>. Nous r\u00e9pondrons \u00e0 votre requ\u00eate conform\u00e9ment \u00e0 la l\u00e9gislation applicable.<\/p>\n\n\n\n<p>Veuillez noter que si vous ne nous permettez pas de recueillir ou traiter des renseignements personnels requis ou si vous retirez votre consentement \u00e0 ce que nous traitions des renseignements personnels requis \u00e0 certaines fins, il se pourrait que vous ne puissiez plus acc\u00e9der aux services pour lesquels ces renseignements \u00e9taient n\u00e9cessaires ou les utiliser.<\/p>\n\n\n\n<p class=\"bold titre4\">S\u00e9curit\u00e9<\/p>\n\n\n\n<p>La protection de vos renseignements personnels est pour nous de la premi\u00e8re importance et nous mettons en \u0153uvre des mesures de s\u00e9curit\u00e9 raisonnables pour \u00e9viter la perte, l\u2019usage abusif ou toute alt\u00e9ration non autoris\u00e9e des renseignements qui sont en notre possession. Toutefois, compte tenu des risques associ\u00e9s, nous ne pouvons en garantir la s\u00e9curit\u00e9 absolue et cons\u00e9quemment, nous ne pouvons assurer ou garantir la protection des renseignements que vous nous transmettez, ce que vous faites \u00e0 vos propres risques.<\/p>\n\n\n\n<p class=\"bold titre4\">Responsable des plaintes et de la protection des renseignements personnels<\/p>\n\n\n\n<p>Pour toute demande ou pr\u00e9occupation concernant le traitement des renseignements personnels qui sont en notre possession, communiquez avec notre responsable \u00e0 ESMIA Consultants Inc., 47 rue de Chaumont, Blainville, courriel&nbsp;: <a href=\"mailto:kathleen@esmia.ca\">kathleen@esmia.ca<\/a>. Nous r\u00e9pondrons \u00e0 vos pr\u00e9occupations conform\u00e9ment \u00e0 la l\u00e9gislation applicable.<\/p>\n","protected":false},"excerpt":{"rendered":"<p>Mise \u00e0 jour le 29 septembre 2023En vigueur le 29 septembre 2023 Cette Politique de confidentialit\u00e9 \u00e9nonce les politiques de nom de l\u2019entreprise et adresse, courriel&nbsp;: kathleen@esmia.ca, t\u00e9l\u00e9phone&nbsp;: 514-794-5645 sur la collecte, l\u2019utilisation et la divulgation des donn\u00e9es que nous recueillons sur les visiteurs de notre site web (http:\/\/esmia.ca) (le \u00ab&nbsp;Service&nbsp;\u00bb). En acc\u00e9dant \u00e0 ce [&#8230;]<\/p>\n<p><a class=\"btn btn-secondary understrap-read-more-link\" href=\"https:\/\/esmia.ca\/fr\/politique-de-confidentialite\">Lire la suite\u2026<span class=\"screen-reader-text\"> from Politique de confidentialit\u00e9<\/span><\/a><\/p>\n","protected":false},"author":1,"featured_media":0,"parent":0,"menu_order":0,"comment_status":"closed","ping_status":"closed","template":"","meta":{"_acf_changed":false,"footnotes":""},"class_list":["post-587","page","type-page","status-publish","hentry"],"acf":[],"aioseo_notices":[],"_links":{"self":[{"href":"https:\/\/esmia.ca\/fr\/wp-json\/wp\/v2\/pages\/587","targetHints":{"allow":["GET"]}}],"collection":[{"href":"https:\/\/esmia.ca\/fr\/wp-json\/wp\/v2\/pages"}],"about":[{"href":"https:\/\/esmia.ca\/fr\/wp-json\/wp\/v2\/types\/page"}],"author":[{"embeddable":true,"href":"https:\/\/esmia.ca\/fr\/wp-json\/wp\/v2\/users\/1"}],"replies":[{"embeddable":true,"href":"https:\/\/esmia.ca\/fr\/wp-json\/wp\/v2\/comments?post=587"}],"version-history":[{"count":4,"href":"https:\/\/esmia.ca\/fr\/wp-json\/wp\/v2\/pages\/587\/revisions"}],"predecessor-version":[{"id":594,"href":"https:\/\/esmia.ca\/fr\/wp-json\/wp\/v2\/pages\/587\/revisions\/594"}],"wp:attachment":[{"href":"https:\/\/esmia.ca\/fr\/wp-json\/wp\/v2\/media?parent=587"}],"curies":[{"name":"wp","href":"https:\/\/api.w.org\/{rel}","templated":true}]}}